{"id":191,"date":"2023-07-22T09:47:48","date_gmt":"2023-07-22T09:47:48","guid":{"rendered":"http:\/\/anziehende-innung.de\/?page_id=191"},"modified":"2023-10-18T09:56:02","modified_gmt":"2023-10-18T09:56:02","slug":"die-goldene-seidenschleife-2023","status":"publish","type":"page","link":"http:\/\/anziehende-innung.de\/?page_id=191","title":{"rendered":"Die Goldene Seidenschleife 2023"},"content":{"rendered":"\n<p>Im Jubil\u00e4umsjahr der Stadt Krefeld, dem 650. Jahr seid der Stadtgr\u00fcndung wird wieder der \u00e4lteste deutsche Modepreis Deutschlands, die goldene Seidenschleife der Stadt Krefeld verliehen. Heute versteht sich der Preis als Auszeichnung f\u00fcr Nachwuchstalente. <\/p>\n\n\n\n<p>Die Verleihung fand am 23.September 23 auf dem Laufsteg K\u00f6nigstra\u00dfe\/Marktstra\u00dfe statt.<\/p>\n\n\n\n<figure class=\"wp-block-image size-full\"><img decoding=\"async\" loading=\"lazy\" width=\"300\" height=\"450\" src=\"http:\/\/anziehende-innung.de\/wp-content\/uploads\/2023\/07\/goldene_seidenschleife_website.jpg\" alt=\"\" class=\"wp-image-197\" srcset=\"http:\/\/anziehende-innung.de\/wp-content\/uploads\/2023\/07\/goldene_seidenschleife_website.jpg 300w, http:\/\/anziehende-innung.de\/wp-content\/uploads\/2023\/07\/goldene_seidenschleife_website-200x300.jpg 200w\" sizes=\"(max-width: 300px) 100vw, 300px\" \/><\/figure>\n\n\n\n<p>Die Goldene Seidenschleife 2023 ging an die junge Modedesignerin Lea Theres Lahr-Thiele mit ihrer Kollektion \u201eGold\u201c, eine ungew\u00f6hnliche Kreation mit innovativer und g\u00e4nzlich neu gedachter Brautmode. Die selbst\u00e4ndige Designerin kooperiert dazu mit Unternehmen der Textilindustrie, auf diese Weise verbinden sich in ihren Arbeiten Industrie und Handwerk. Die Jury des Modepreises, der am Samstag im Zuge der \u201eKrefelder Laufmasche\u201c vergeben wurde, war \u00fcberzeugt vom nachhaltigen Materialeinsatz: Lea Theres Lahr-Thiele benutzt Stoffe, die als Mangelware oder Anmusterungen gro\u00dfer Hersteller klassifiziert sind. Durch eine neue, selbst entwickelte Lasertechnik f\u00e4llt bei der Produktion der Kleidung kein M\u00fcll an.<\/p>\n\n\n\n<p>Den zweiten Platz belegte Antonia Dannenberg mit \u201eMelt Down\u201c, einer alpinen Wintersportkollektion, mit der die desastr\u00f6se Entwicklung der weltweiten Gletscherschmelze in Folge der Erderw\u00e4rmung illustriert wird. Die Designerin hat somit ein hochaktuelles Thema verarbeitet: Der Print und die Farbauswahl ihrer Kollektion sind aus einer Grafik der Gletschererw\u00e4rmung entstanden. Die Jury lobte die funktionale Skikollektion, die gute technische Verarbeitung des Materials, den nachhaltiger Materialeinsatz durch \u00dcberproduktionsstoffe und das spezielle Druckverfahren.<\/p>\n\n\n\n<p>Auf dem dritten Platz landete Jonathan Richter mit \u201eDeath of a man\u201c. Die Kollektion wurde inspiriert durch den autobiographischen Roman \u201eBekenntnisse einer Maske\u201c von Mishima Yukio. Darin wird die Geschichte eines jungen Mannes erz\u00e4hlt, der im Japan der Zwischenkriegszeit aufw\u00e4chst und sich mit seiner Sexualit\u00e4t in einer strengen Gesellschaft auseinandersetzt. Die sechs Kreationen schildern die Entwicklung des Protagonisten im Laufe der Geschichte, wobei die Verschleierung seines wahren Wesens immer st\u00e4rker wird. Die Jury war \u00fcberzeugt vom innovativen Ansatz. Au\u00dferdem sei die Kollektion gut tragbar und sch\u00f6n verarbeitet.<\/p>\n\n\n\n<p>Oberb\u00fcrgermeister Frank Meyer verlieh den traditionellen Krefelder Modepreis vor hunderten Zuschauern am Laufsteg in der K\u00f6nigstra\u00dfe. \u201eBei dieser Veranstaltung kommt alles zusammen: die Krefelder Vergangenheit des textilen Handwerks, das man hier immer noch bestaunen kann, die Gegenwart des textilen Einzelhandels in der Innenstadt, der sich mit viel Engagement an dem Format beteiligt, und der innovative Blick in die Zukunft der Mode, verk\u00f6rpert durch junge Designerinnen und Designer, die ihre Kreationen nicht im glitzernden Modepalast zeigen, sondern im Baucontainer und auf diesem Laufsteg im \u00f6ffentlichen Stra\u00dfenraum\u201c, betonte Frank Meyer und gratulierte den Gewinnern im Namen der Stadt. \u201eHier kann man erleben, dass sich mit unserer Gesellschaft auch die Mode ver\u00e4ndert: Es wird immer wichtiger, dass sie nachhaltig und unter fairen Bedingungen produziert wird. Oft greifen die Kollektionen auch aktuelle Entwicklungen auf.\u201c (Quelle: extra-Tipp am Sonntag, 24.9.23)<\/p>\n\n\n\n<figure class=\"wp-block-gallery columns-3 is-cropped wp-block-gallery-1 is-layout-flex\"><ul class=\"blocks-gallery-grid\"><li class=\"blocks-gallery-item\"><figure><img decoding=\"async\" loading=\"lazy\" width=\"768\" height=\"1024\" src=\"http:\/\/anziehende-innung.de\/wp-content\/uploads\/2023\/10\/20230923_191831-768x1024.jpg\" alt=\"\" data-id=\"200\" data-full-url=\"http:\/\/anziehende-innung.de\/wp-content\/uploads\/2023\/10\/20230923_191831-scaled.jpg\" data-link=\"http:\/\/anziehende-innung.de\/?attachment_id=200\" class=\"wp-image-200\" srcset=\"http:\/\/anziehende-innung.de\/wp-content\/uploads\/2023\/10\/20230923_191831-768x1024.jpg 768w, http:\/\/anziehende-innung.de\/wp-content\/uploads\/2023\/10\/20230923_191831-225x300.jpg 225w, http:\/\/anziehende-innung.de\/wp-content\/uploads\/2023\/10\/20230923_191831-1152x1536.jpg 1152w, http:\/\/anziehende-innung.de\/wp-content\/uploads\/2023\/10\/20230923_191831-1536x2048.jpg 1536w, http:\/\/anziehende-innung.de\/wp-content\/uploads\/2023\/10\/20230923_191831-scaled.jpg 1920w\" sizes=\"(max-width: 768px) 100vw, 768px\" \/><\/figure><\/li><li class=\"blocks-gallery-item\"><figure><img decoding=\"async\" loading=\"lazy\" width=\"1024\" height=\"768\" src=\"http:\/\/anziehende-innung.de\/wp-content\/uploads\/2023\/10\/20230923_193326-1024x768.jpg\" alt=\"\" data-id=\"201\" data-full-url=\"http:\/\/anziehende-innung.de\/wp-content\/uploads\/2023\/10\/20230923_193326-scaled.jpg\" data-link=\"http:\/\/anziehende-innung.de\/?attachment_id=201\" class=\"wp-image-201\" srcset=\"http:\/\/anziehende-innung.de\/wp-content\/uploads\/2023\/10\/20230923_193326-1024x768.jpg 1024w, http:\/\/anziehende-innung.de\/wp-content\/uploads\/2023\/10\/20230923_193326-300x225.jpg 300w, http:\/\/anziehende-innung.de\/wp-content\/uploads\/2023\/10\/20230923_193326-768x576.jpg 768w, http:\/\/anziehende-innung.de\/wp-content\/uploads\/2023\/10\/20230923_193326-1536x1152.jpg 1536w, http:\/\/anziehende-innung.de\/wp-content\/uploads\/2023\/10\/20230923_193326-2048x1536.jpg 2048w\" sizes=\"(max-width: 1024px) 100vw, 1024px\" \/><\/figure><\/li><li class=\"blocks-gallery-item\"><figure><img decoding=\"async\" loading=\"lazy\" width=\"768\" height=\"1024\" src=\"http:\/\/anziehende-innung.de\/wp-content\/uploads\/2023\/10\/20230923_193212-768x1024.jpg\" alt=\"\" data-id=\"202\" data-full-url=\"http:\/\/anziehende-innung.de\/wp-content\/uploads\/2023\/10\/20230923_193212-scaled.jpg\" data-link=\"http:\/\/anziehende-innung.de\/?attachment_id=202\" class=\"wp-image-202\" srcset=\"http:\/\/anziehende-innung.de\/wp-content\/uploads\/2023\/10\/20230923_193212-768x1024.jpg 768w, http:\/\/anziehende-innung.de\/wp-content\/uploads\/2023\/10\/20230923_193212-225x300.jpg 225w, http:\/\/anziehende-innung.de\/wp-content\/uploads\/2023\/10\/20230923_193212-1152x1536.jpg 1152w, http:\/\/anziehende-innung.de\/wp-content\/uploads\/2023\/10\/20230923_193212-1536x2048.jpg 1536w, http:\/\/anziehende-innung.de\/wp-content\/uploads\/2023\/10\/20230923_193212-scaled.jpg 1920w\" sizes=\"(max-width: 768px) 100vw, 768px\" \/><\/figure><\/li><li class=\"blocks-gallery-item\"><figure><img decoding=\"async\" loading=\"lazy\" width=\"768\" height=\"1024\" src=\"http:\/\/anziehende-innung.de\/wp-content\/uploads\/2023\/10\/20230923_185406-768x1024.jpg\" alt=\"\" data-id=\"203\" data-full-url=\"http:\/\/anziehende-innung.de\/wp-content\/uploads\/2023\/10\/20230923_185406-scaled.jpg\" data-link=\"http:\/\/anziehende-innung.de\/?attachment_id=203\" class=\"wp-image-203\" srcset=\"http:\/\/anziehende-innung.de\/wp-content\/uploads\/2023\/10\/20230923_185406-768x1024.jpg 768w, http:\/\/anziehende-innung.de\/wp-content\/uploads\/2023\/10\/20230923_185406-225x300.jpg 225w, http:\/\/anziehende-innung.de\/wp-content\/uploads\/2023\/10\/20230923_185406-1152x1536.jpg 1152w, http:\/\/anziehende-innung.de\/wp-content\/uploads\/2023\/10\/20230923_185406-1536x2048.jpg 1536w, http:\/\/anziehende-innung.de\/wp-content\/uploads\/2023\/10\/20230923_185406-scaled.jpg 1920w\" sizes=\"(max-width: 768px) 100vw, 768px\" \/><\/figure><\/li><li class=\"blocks-gallery-item\"><figure><img decoding=\"async\" loading=\"lazy\" width=\"768\" height=\"1024\" src=\"http:\/\/anziehende-innung.de\/wp-content\/uploads\/2023\/10\/20230923_191322-1-768x1024.jpg\" alt=\"\" data-id=\"204\" data-full-url=\"http:\/\/anziehende-innung.de\/wp-content\/uploads\/2023\/10\/20230923_191322-1-scaled.jpg\" data-link=\"http:\/\/anziehende-innung.de\/?attachment_id=204\" class=\"wp-image-204\" srcset=\"http:\/\/anziehende-innung.de\/wp-content\/uploads\/2023\/10\/20230923_191322-1-768x1024.jpg 768w, http:\/\/anziehende-innung.de\/wp-content\/uploads\/2023\/10\/20230923_191322-1-225x300.jpg 225w, http:\/\/anziehende-innung.de\/wp-content\/uploads\/2023\/10\/20230923_191322-1-1152x1536.jpg 1152w, http:\/\/anziehende-innung.de\/wp-content\/uploads\/2023\/10\/20230923_191322-1-1536x2048.jpg 1536w, http:\/\/anziehende-innung.de\/wp-content\/uploads\/2023\/10\/20230923_191322-1-scaled.jpg 1920w\" sizes=\"(max-width: 768px) 100vw, 768px\" \/><\/figure><\/li><li class=\"blocks-gallery-item\"><figure><img decoding=\"async\" loading=\"lazy\" width=\"1024\" height=\"768\" src=\"http:\/\/anziehende-innung.de\/wp-content\/uploads\/2023\/10\/20230923_193338-1024x768.jpg\" alt=\"\" data-id=\"205\" data-full-url=\"http:\/\/anziehende-innung.de\/wp-content\/uploads\/2023\/10\/20230923_193338-scaled.jpg\" data-link=\"http:\/\/anziehende-innung.de\/?attachment_id=205\" class=\"wp-image-205\" srcset=\"http:\/\/anziehende-innung.de\/wp-content\/uploads\/2023\/10\/20230923_193338-1024x768.jpg 1024w, http:\/\/anziehende-innung.de\/wp-content\/uploads\/2023\/10\/20230923_193338-300x225.jpg 300w, http:\/\/anziehende-innung.de\/wp-content\/uploads\/2023\/10\/20230923_193338-768x576.jpg 768w, http:\/\/anziehende-innung.de\/wp-content\/uploads\/2023\/10\/20230923_193338-1536x1152.jpg 1536w, http:\/\/anziehende-innung.de\/wp-content\/uploads\/2023\/10\/20230923_193338-2048x1536.jpg 2048w\" sizes=\"(max-width: 1024px) 100vw, 1024px\" \/><\/figure><\/li><li class=\"blocks-gallery-item\"><figure><img decoding=\"async\" loading=\"lazy\" width=\"1024\" height=\"768\" src=\"http:\/\/anziehende-innung.de\/wp-content\/uploads\/2023\/10\/20230923_193325-1024x768.jpg\" alt=\"\" data-id=\"206\" data-full-url=\"http:\/\/anziehende-innung.de\/wp-content\/uploads\/2023\/10\/20230923_193325-scaled.jpg\" data-link=\"http:\/\/anziehende-innung.de\/?attachment_id=206\" class=\"wp-image-206\" srcset=\"http:\/\/anziehende-innung.de\/wp-content\/uploads\/2023\/10\/20230923_193325-1024x768.jpg 1024w, http:\/\/anziehende-innung.de\/wp-content\/uploads\/2023\/10\/20230923_193325-300x225.jpg 300w, http:\/\/anziehende-innung.de\/wp-content\/uploads\/2023\/10\/20230923_193325-768x576.jpg 768w, http:\/\/anziehende-innung.de\/wp-content\/uploads\/2023\/10\/20230923_193325-1536x1152.jpg 1536w, http:\/\/anziehende-innung.de\/wp-content\/uploads\/2023\/10\/20230923_193325-2048x1536.jpg 2048w\" sizes=\"(max-width: 1024px) 100vw, 1024px\" \/><\/figure><\/li><li class=\"blocks-gallery-item\"><figure><img decoding=\"async\" loading=\"lazy\" width=\"768\" height=\"1024\" src=\"http:\/\/anziehende-innung.de\/wp-content\/uploads\/2023\/10\/20230923_191407-2-768x1024.jpg\" alt=\"\" data-id=\"207\" data-full-url=\"http:\/\/anziehende-innung.de\/wp-content\/uploads\/2023\/10\/20230923_191407-2-scaled.jpg\" data-link=\"http:\/\/anziehende-innung.de\/?attachment_id=207\" class=\"wp-image-207\" srcset=\"http:\/\/anziehende-innung.de\/wp-content\/uploads\/2023\/10\/20230923_191407-2-768x1024.jpg 768w, http:\/\/anziehende-innung.de\/wp-content\/uploads\/2023\/10\/20230923_191407-2-225x300.jpg 225w, http:\/\/anziehende-innung.de\/wp-content\/uploads\/2023\/10\/20230923_191407-2-1152x1536.jpg 1152w, http:\/\/anziehende-innung.de\/wp-content\/uploads\/2023\/10\/20230923_191407-2-1536x2048.jpg 1536w, http:\/\/anziehende-innung.de\/wp-content\/uploads\/2023\/10\/20230923_191407-2-scaled.jpg 1920w\" sizes=\"(max-width: 768px) 100vw, 768px\" \/><\/figure><\/li><li class=\"blocks-gallery-item\"><figure><img decoding=\"async\" loading=\"lazy\" width=\"768\" height=\"1024\" src=\"http:\/\/anziehende-innung.de\/wp-content\/uploads\/2023\/10\/20230923_191832-768x1024.jpg\" alt=\"\" data-id=\"208\" data-full-url=\"http:\/\/anziehende-innung.de\/wp-content\/uploads\/2023\/10\/20230923_191832-scaled.jpg\" data-link=\"http:\/\/anziehende-innung.de\/?attachment_id=208\" class=\"wp-image-208\" srcset=\"http:\/\/anziehende-innung.de\/wp-content\/uploads\/2023\/10\/20230923_191832-768x1024.jpg 768w, http:\/\/anziehende-innung.de\/wp-content\/uploads\/2023\/10\/20230923_191832-225x300.jpg 225w, http:\/\/anziehende-innung.de\/wp-content\/uploads\/2023\/10\/20230923_191832-1152x1536.jpg 1152w, http:\/\/anziehende-innung.de\/wp-content\/uploads\/2023\/10\/20230923_191832-1536x2048.jpg 1536w, http:\/\/anziehende-innung.de\/wp-content\/uploads\/2023\/10\/20230923_191832-scaled.jpg 1920w\" sizes=\"(max-width: 768px) 100vw, 768px\" \/><\/figure><\/li><li class=\"blocks-gallery-item\"><figure><img decoding=\"async\" loading=\"lazy\" width=\"768\" height=\"1024\" src=\"http:\/\/anziehende-innung.de\/wp-content\/uploads\/2023\/10\/20230923_191322-768x1024.jpg\" alt=\"\" data-id=\"209\" data-full-url=\"http:\/\/anziehende-innung.de\/wp-content\/uploads\/2023\/10\/20230923_191322-scaled.jpg\" data-link=\"http:\/\/anziehende-innung.de\/?attachment_id=209\" class=\"wp-image-209\" srcset=\"http:\/\/anziehende-innung.de\/wp-content\/uploads\/2023\/10\/20230923_191322-768x1024.jpg 768w, http:\/\/anziehende-innung.de\/wp-content\/uploads\/2023\/10\/20230923_191322-225x300.jpg 225w, http:\/\/anziehende-innung.de\/wp-content\/uploads\/2023\/10\/20230923_191322-1152x1536.jpg 1152w, http:\/\/anziehende-innung.de\/wp-content\/uploads\/2023\/10\/20230923_191322-1536x2048.jpg 1536w, http:\/\/anziehende-innung.de\/wp-content\/uploads\/2023\/10\/20230923_191322-scaled.jpg 1920w\" sizes=\"(max-width: 768px) 100vw, 768px\" \/><\/figure><\/li><li class=\"blocks-gallery-item\"><figure><img decoding=\"async\" loading=\"lazy\" width=\"768\" height=\"1024\" src=\"http:\/\/anziehende-innung.de\/wp-content\/uploads\/2023\/10\/20230923_191853-768x1024.jpg\" alt=\"\" data-id=\"210\" data-full-url=\"http:\/\/anziehende-innung.de\/wp-content\/uploads\/2023\/10\/20230923_191853-scaled.jpg\" data-link=\"http:\/\/anziehende-innung.de\/?attachment_id=210\" class=\"wp-image-210\" srcset=\"http:\/\/anziehende-innung.de\/wp-content\/uploads\/2023\/10\/20230923_191853-768x1024.jpg 768w, http:\/\/anziehende-innung.de\/wp-content\/uploads\/2023\/10\/20230923_191853-225x300.jpg 225w, http:\/\/anziehende-innung.de\/wp-content\/uploads\/2023\/10\/20230923_191853-1152x1536.jpg 1152w, http:\/\/anziehende-innung.de\/wp-content\/uploads\/2023\/10\/20230923_191853-1536x2048.jpg 1536w, http:\/\/anziehende-innung.de\/wp-content\/uploads\/2023\/10\/20230923_191853-scaled.jpg 1920w\" sizes=\"(max-width: 768px) 100vw, 768px\" \/><\/figure><\/li><li class=\"blocks-gallery-item\"><figure><img decoding=\"async\" loading=\"lazy\" width=\"768\" height=\"1024\" src=\"http:\/\/anziehende-innung.de\/wp-content\/uploads\/2023\/10\/20230923_193231-768x1024.jpg\" alt=\"\" data-id=\"211\" data-full-url=\"http:\/\/anziehende-innung.de\/wp-content\/uploads\/2023\/10\/20230923_193231-scaled.jpg\" data-link=\"http:\/\/anziehende-innung.de\/?attachment_id=211\" class=\"wp-image-211\" srcset=\"http:\/\/anziehende-innung.de\/wp-content\/uploads\/2023\/10\/20230923_193231-768x1024.jpg 768w, http:\/\/anziehende-innung.de\/wp-content\/uploads\/2023\/10\/20230923_193231-225x300.jpg 225w, http:\/\/anziehende-innung.de\/wp-content\/uploads\/2023\/10\/20230923_193231-1152x1536.jpg 1152w, http:\/\/anziehende-innung.de\/wp-content\/uploads\/2023\/10\/20230923_193231-1536x2048.jpg 1536w, http:\/\/anziehende-innung.de\/wp-content\/uploads\/2023\/10\/20230923_193231-scaled.jpg 1920w\" sizes=\"(max-width: 768px) 100vw, 768px\" \/><\/figure><\/li><li class=\"blocks-gallery-item\"><figure><img decoding=\"async\" loading=\"lazy\" width=\"768\" height=\"1024\" src=\"http:\/\/anziehende-innung.de\/wp-content\/uploads\/2023\/10\/20230923_192932-768x1024.jpg\" alt=\"\" data-id=\"212\" data-full-url=\"http:\/\/anziehende-innung.de\/wp-content\/uploads\/2023\/10\/20230923_192932-scaled.jpg\" data-link=\"http:\/\/anziehende-innung.de\/?attachment_id=212\" class=\"wp-image-212\" srcset=\"http:\/\/anziehende-innung.de\/wp-content\/uploads\/2023\/10\/20230923_192932-768x1024.jpg 768w, http:\/\/anziehende-innung.de\/wp-content\/uploads\/2023\/10\/20230923_192932-225x300.jpg 225w, http:\/\/anziehende-innung.de\/wp-content\/uploads\/2023\/10\/20230923_192932-1152x1536.jpg 1152w, http:\/\/anziehende-innung.de\/wp-content\/uploads\/2023\/10\/20230923_192932-1536x2048.jpg 1536w, http:\/\/anziehende-innung.de\/wp-content\/uploads\/2023\/10\/20230923_192932-scaled.jpg 1920w\" sizes=\"(max-width: 768px) 100vw, 768px\" \/><\/figure><\/li><li class=\"blocks-gallery-item\"><figure><img decoding=\"async\" loading=\"lazy\" width=\"1024\" height=\"768\" src=\"http:\/\/anziehende-innung.de\/wp-content\/uploads\/2023\/10\/20230923_193339-1024x768.jpg\" alt=\"\" data-id=\"213\" data-full-url=\"http:\/\/anziehende-innung.de\/wp-content\/uploads\/2023\/10\/20230923_193339-scaled.jpg\" data-link=\"http:\/\/anziehende-innung.de\/?attachment_id=213\" class=\"wp-image-213\" srcset=\"http:\/\/anziehende-innung.de\/wp-content\/uploads\/2023\/10\/20230923_193339-1024x768.jpg 1024w, http:\/\/anziehende-innung.de\/wp-content\/uploads\/2023\/10\/20230923_193339-300x225.jpg 300w, http:\/\/anziehende-innung.de\/wp-content\/uploads\/2023\/10\/20230923_193339-768x576.jpg 768w, http:\/\/anziehende-innung.de\/wp-content\/uploads\/2023\/10\/20230923_193339-1536x1152.jpg 1536w, http:\/\/anziehende-innung.de\/wp-content\/uploads\/2023\/10\/20230923_193339-2048x1536.jpg 2048w\" sizes=\"(max-width: 1024px) 100vw, 1024px\" \/><\/figure><\/li><li class=\"blocks-gallery-item\"><figure><img decoding=\"async\" loading=\"lazy\" width=\"768\" height=\"1024\" src=\"http:\/\/anziehende-innung.de\/wp-content\/uploads\/2023\/10\/20230923_193224-768x1024.jpg\" alt=\"\" data-id=\"214\" data-full-url=\"http:\/\/anziehende-innung.de\/wp-content\/uploads\/2023\/10\/20230923_193224-scaled.jpg\" data-link=\"http:\/\/anziehende-innung.de\/?attachment_id=214\" class=\"wp-image-214\" srcset=\"http:\/\/anziehende-innung.de\/wp-content\/uploads\/2023\/10\/20230923_193224-768x1024.jpg 768w, http:\/\/anziehende-innung.de\/wp-content\/uploads\/2023\/10\/20230923_193224-225x300.jpg 225w, http:\/\/anziehende-innung.de\/wp-content\/uploads\/2023\/10\/20230923_193224-1152x1536.jpg 1152w, http:\/\/anziehende-innung.de\/wp-content\/uploads\/2023\/10\/20230923_193224-1536x2048.jpg 1536w, http:\/\/anziehende-innung.de\/wp-content\/uploads\/2023\/10\/20230923_193224-scaled.jpg 1920w\" sizes=\"(max-width: 768px) 100vw, 768px\" \/><\/figure><\/li><\/ul><\/figure>\n","protected":false},"excerpt":{"rendered":"<p>Im Jubil\u00e4umsjahr der Stadt Krefeld, dem 650. Jahr seid der Stadtgr\u00fcndung wird wieder der \u00e4lteste deutsche Modepreis Deutschlands, die goldene Seidenschleife der Stadt Krefeld verliehen. Heute versteht sich der Preis als Auszeichnung f\u00fcr Nachwuchstalente. Die Verleihung fand am 23.September 23 auf dem Laufsteg K\u00f6nigstra\u00dfe\/Marktstra\u00dfe statt. Die Goldene Seidenschleife 2023 ging an die junge Modedesignerin Lea &hellip; <a href=\"http:\/\/anziehende-innung.de\/?page_id=191\" class=\"more-link\"><span class=\"screen-reader-text\">Die Goldene Seidenschleife 2023<\/span> weiterlesen<\/a><\/p>\n","protected":false},"author":1,"featured_media":0,"parent":0,"menu_order":0,"comment_status":"closed","ping_status":"closed","template":"","meta":[],"_links":{"self":[{"href":"http:\/\/anziehende-innung.de\/index.php?rest_route=\/wp\/v2\/pages\/191"}],"collection":[{"href":"http:\/\/anziehende-innung.de\/index.php?rest_route=\/wp\/v2\/pages"}],"about":[{"href":"http:\/\/anziehende-innung.de\/index.php?rest_route=\/wp\/v2\/types\/page"}],"author":[{"embeddable":true,"href":"http:\/\/anziehende-innung.de\/index.php?rest_route=\/wp\/v2\/users\/1"}],"replies":[{"embeddable":true,"href":"http:\/\/anziehende-innung.de\/index.php?rest_route=%2Fwp%2Fv2%2Fcomments&post=191"}],"version-history":[{"count":3,"href":"http:\/\/anziehende-innung.de\/index.php?rest_route=\/wp\/v2\/pages\/191\/revisions"}],"predecessor-version":[{"id":215,"href":"http:\/\/anziehende-innung.de\/index.php?rest_route=\/wp\/v2\/pages\/191\/revisions\/215"}],"wp:attachment":[{"href":"http:\/\/anziehende-innung.de\/index.php?rest_route=%2Fwp%2Fv2%2Fmedia&parent=191"}],"curies":[{"name":"wp","href":"https:\/\/api.w.org\/{rel}","templated":true}]}}