{"id":235,"date":"2025-12-05T09:53:57","date_gmt":"2025-12-05T09:53:57","guid":{"rendered":"http:\/\/anziehende-innung.de\/?page_id=235"},"modified":"2025-12-05T09:56:18","modified_gmt":"2025-12-05T09:56:18","slug":"die-goldene-seidenschleife-2021","status":"publish","type":"page","link":"http:\/\/anziehende-innung.de\/?page_id=235","title":{"rendered":"Die Goldene Seidenschleife 2021"},"content":{"rendered":"\n<p class=\"has-text-align-left\">Modedesign und textile Kunst in 22 tempor\u00e4ren<br>Bauateliers mitten in der Stadt<br>22 Jungdesignerinnen und -designer mit Abschl\u00fcssen renommierter<br>Hochschulen stellen ihre Idee von Mode anhand<br>ausgew\u00e4hlter Kollektionen in von ihnen selbst ausgestalteten<br>Baucontainern vor. Farben, Stoffe und Schnittmuster<br>sind die Formensprache der Modedesigner:innen,<br>um gesellschaftlich hochaktuelle wie relevante Themen zu<br>behandeln, aber auch, um zu zeigen, wie sich diese in den<br>Modedesigns und der textilen Produktion der Zukunft widerspiegeln<br>k\u00f6nnten. Die au\u00dfergew\u00f6hnliche Modeausstellung<br>erstreckt sich vom 4. bis 8. August in der Krefelder<br>Innenstadt \u2013 coronakonform \u2013 \u00fcber mehrere Pl\u00e4tze verteilt.<br>Sie l\u00e4dt dazu ein, mit dem Modenachwuchs ins Gespr\u00e4ch<br>und in den Austausch zu kommen sowie eventuell das eine<br>oder andere au\u00dfergew\u00f6hnliche Kleidungsst\u00fcck zu erwerben.<br>Die ausstellenden Jungdesigner:innen sind zugleich Anw\u00e4rter:<br>innen auf die Goldene Seidenschleife, den Modepreis,<br>der in der Vergangenheit an namenhafte Modesch\u00f6pfer wie<br>Pierre Cardin, Wolfgang Joop oder Karl Lagerfeld verliehen<br>wurde.<\/p>\n\n\n\n<div class=\"wp-block-file\"><object class=\"wp-block-file__embed\" data=\"http:\/\/anziehende-innung.de\/wp-content\/uploads\/2025\/12\/2021-07-22_krefelder_laufmasche_booklet_rz_web_144dpi.pdf\" type=\"application\/pdf\" style=\"width:100%;height:600px\" aria-label=\"Einbettung von 2021-07-22_krefelder_laufmasche_booklet_rz_web_144dpi.\"><\/object><a id=\"wp-block-file--media-51aa8525-be3e-45e8-baf8-f8cb412719cf\" href=\"http:\/\/anziehende-innung.de\/wp-content\/uploads\/2025\/12\/2021-07-22_krefelder_laufmasche_booklet_rz_web_144dpi.pdf\">2021-07-22_krefelder_laufmasche_booklet_rz_web_144dpi<\/a><a href=\"http:\/\/anziehende-innung.de\/wp-content\/uploads\/2025\/12\/2021-07-22_krefelder_laufmasche_booklet_rz_web_144dpi.pdf\" class=\"wp-block-file__button wp-element-button\" download aria-describedby=\"wp-block-file--media-51aa8525-be3e-45e8-baf8-f8cb412719cf\">Herunterladen<\/a><\/div>\n\n\n\n<figure class=\"wp-block-gallery has-nested-images columns-default is-cropped wp-block-gallery-1 is-layout-flex\">\n<figure class=\"wp-block-image size-large\"><img decoding=\"async\" loading=\"lazy\" width=\"768\" height=\"1024\" data-id=\"245\"  src=\"http:\/\/anziehende-innung.de\/wp-content\/uploads\/2025\/12\/20210807_215323-768x1024.jpg\" alt=\"\" class=\"wp-image-245\" srcset=\"http:\/\/anziehende-innung.de\/wp-content\/uploads\/2025\/12\/20210807_215323-768x1024.jpg 768w, http:\/\/anziehende-innung.de\/wp-content\/uploads\/2025\/12\/20210807_215323-225x300.jpg 225w, http:\/\/anziehende-innung.de\/wp-content\/uploads\/2025\/12\/20210807_215323-1152x1536.jpg 1152w, http:\/\/anziehende-innung.de\/wp-content\/uploads\/2025\/12\/20210807_215323-1536x2048.jpg 1536w, http:\/\/anziehende-innung.de\/wp-content\/uploads\/2025\/12\/20210807_215323-scaled.jpg 1920w\" sizes=\"(max-width: 768px) 100vw, 768px\" \/><\/figure>\n\n\n\n<figure class=\"wp-block-image size-large\"><img decoding=\"async\" loading=\"lazy\" width=\"768\" height=\"1024\" data-id=\"247\"  src=\"http:\/\/anziehende-innung.de\/wp-content\/uploads\/2025\/12\/20210807_215526-768x1024.jpg\" alt=\"\" class=\"wp-image-247\" srcset=\"http:\/\/anziehende-innung.de\/wp-content\/uploads\/2025\/12\/20210807_215526-768x1024.jpg 768w, http:\/\/anziehende-innung.de\/wp-content\/uploads\/2025\/12\/20210807_215526-225x300.jpg 225w, http:\/\/anziehende-innung.de\/wp-content\/uploads\/2025\/12\/20210807_215526-1152x1536.jpg 1152w, http:\/\/anziehende-innung.de\/wp-content\/uploads\/2025\/12\/20210807_215526-1536x2048.jpg 1536w, http:\/\/anziehende-innung.de\/wp-content\/uploads\/2025\/12\/20210807_215526-scaled.jpg 1920w\" sizes=\"(max-width: 768px) 100vw, 768px\" \/><\/figure>\n\n\n\n<figure class=\"wp-block-image size-large\"><img decoding=\"async\" loading=\"lazy\" width=\"768\" height=\"1024\" data-id=\"244\"  src=\"http:\/\/anziehende-innung.de\/wp-content\/uploads\/2025\/12\/20210807_215547-768x1024.jpg\" alt=\"\" class=\"wp-image-244\" srcset=\"http:\/\/anziehende-innung.de\/wp-content\/uploads\/2025\/12\/20210807_215547-768x1024.jpg 768w, http:\/\/anziehende-innung.de\/wp-content\/uploads\/2025\/12\/20210807_215547-225x300.jpg 225w, http:\/\/anziehende-innung.de\/wp-content\/uploads\/2025\/12\/20210807_215547-1152x1536.jpg 1152w, http:\/\/anziehende-innung.de\/wp-content\/uploads\/2025\/12\/20210807_215547-1536x2048.jpg 1536w, http:\/\/anziehende-innung.de\/wp-content\/uploads\/2025\/12\/20210807_215547-scaled.jpg 1920w\" sizes=\"(max-width: 768px) 100vw, 768px\" \/><\/figure>\n\n\n\n<figure class=\"wp-block-image size-large\"><img decoding=\"async\" loading=\"lazy\" width=\"768\" height=\"1024\" data-id=\"242\"  src=\"http:\/\/anziehende-innung.de\/wp-content\/uploads\/2025\/12\/20210807_215825-768x1024.jpg\" alt=\"\" class=\"wp-image-242\" srcset=\"http:\/\/anziehende-innung.de\/wp-content\/uploads\/2025\/12\/20210807_215825-768x1024.jpg 768w, http:\/\/anziehende-innung.de\/wp-content\/uploads\/2025\/12\/20210807_215825-225x300.jpg 225w, http:\/\/anziehende-innung.de\/wp-content\/uploads\/2025\/12\/20210807_215825-1152x1536.jpg 1152w, http:\/\/anziehende-innung.de\/wp-content\/uploads\/2025\/12\/20210807_215825-1536x2048.jpg 1536w, http:\/\/anziehende-innung.de\/wp-content\/uploads\/2025\/12\/20210807_215825-scaled.jpg 1920w\" sizes=\"(max-width: 768px) 100vw, 768px\" \/><\/figure>\n\n\n\n<figure class=\"wp-block-image size-large\"><img decoding=\"async\" loading=\"lazy\" width=\"1024\" height=\"768\" data-id=\"246\"  src=\"http:\/\/anziehende-innung.de\/wp-content\/uploads\/2025\/12\/20210807_220642-1024x768.jpg\" alt=\"\" class=\"wp-image-246\" srcset=\"http:\/\/anziehende-innung.de\/wp-content\/uploads\/2025\/12\/20210807_220642-1024x768.jpg 1024w, http:\/\/anziehende-innung.de\/wp-content\/uploads\/2025\/12\/20210807_220642-300x225.jpg 300w, http:\/\/anziehende-innung.de\/wp-content\/uploads\/2025\/12\/20210807_220642-768x576.jpg 768w, http:\/\/anziehende-innung.de\/wp-content\/uploads\/2025\/12\/20210807_220642-1536x1152.jpg 1536w, http:\/\/anziehende-innung.de\/wp-content\/uploads\/2025\/12\/20210807_220642-2048x1536.jpg 2048w\" sizes=\"(max-width: 1024px) 100vw, 1024px\" \/><\/figure>\n\n\n\n<figure class=\"wp-block-image size-large\"><img decoding=\"async\" loading=\"lazy\" width=\"1024\" height=\"768\" data-id=\"243\"  src=\"http:\/\/anziehende-innung.de\/wp-content\/uploads\/2025\/12\/20210807_220654-1024x768.jpg\" alt=\"\" class=\"wp-image-243\" srcset=\"http:\/\/anziehende-innung.de\/wp-content\/uploads\/2025\/12\/20210807_220654-1024x768.jpg 1024w, http:\/\/anziehende-innung.de\/wp-content\/uploads\/2025\/12\/20210807_220654-300x225.jpg 300w, http:\/\/anziehende-innung.de\/wp-content\/uploads\/2025\/12\/20210807_220654-768x576.jpg 768w, http:\/\/anziehende-innung.de\/wp-content\/uploads\/2025\/12\/20210807_220654-1536x1152.jpg 1536w, http:\/\/anziehende-innung.de\/wp-content\/uploads\/2025\/12\/20210807_220654-2048x1536.jpg 2048w\" sizes=\"(max-width: 1024px) 100vw, 1024px\" \/><\/figure>\n<\/figure>\n\n\n","protected":false},"excerpt":{"rendered":"<p>Modedesign und textile Kunst in 22 tempor\u00e4renBauateliers mitten in der Stadt22 Jungdesignerinnen und -designer mit Abschl\u00fcssen renommierterHochschulen stellen ihre Idee von Mode anhandausgew\u00e4hlter Kollektionen in von ihnen selbst ausgestaltetenBaucontainern vor. Farben, Stoffe und Schnittmustersind die Formensprache der Modedesigner:innen,um gesellschaftlich hochaktuelle wie relevante Themen zubehandeln, aber auch, um zu zeigen, wie sich diese in denModedesigns und &hellip; <a href=\"http:\/\/anziehende-innung.de\/?page_id=235\" class=\"more-link\"><span class=\"screen-reader-text\">Die Goldene Seidenschleife 2021<\/span> weiterlesen<\/a><\/p>\n","protected":false},"author":1,"featured_media":0,"parent":0,"menu_order":0,"comment_status":"closed","ping_status":"closed","template":"","meta":[],"_links":{"self":[{"href":"http:\/\/anziehende-innung.de\/index.php?rest_route=\/wp\/v2\/pages\/235"}],"collection":[{"href":"http:\/\/anziehende-innung.de\/index.php?rest_route=\/wp\/v2\/pages"}],"about":[{"href":"http:\/\/anziehende-innung.de\/index.php?rest_route=\/wp\/v2\/types\/page"}],"author":[{"embeddable":true,"href":"http:\/\/anziehende-innung.de\/index.php?rest_route=\/wp\/v2\/users\/1"}],"replies":[{"embeddable":true,"href":"http:\/\/anziehende-innung.de\/index.php?rest_route=%2Fwp%2Fv2%2Fcomments&post=235"}],"version-history":[{"count":3,"href":"http:\/\/anziehende-innung.de\/index.php?rest_route=\/wp\/v2\/pages\/235\/revisions"}],"predecessor-version":[{"id":249,"href":"http:\/\/anziehende-innung.de\/index.php?rest_route=\/wp\/v2\/pages\/235\/revisions\/249"}],"wp:attachment":[{"href":"http:\/\/anziehende-innung.de\/index.php?rest_route=%2Fwp%2Fv2%2Fmedia&parent=235"}],"curies":[{"name":"wp","href":"https:\/\/api.w.org\/{rel}","templated":true}]}}