{"id":41,"date":"2018-06-07T11:57:55","date_gmt":"2018-06-07T11:57:55","guid":{"rendered":"http:\/\/anziehende-innung.de\/?page_id=41"},"modified":"2018-06-07T15:18:43","modified_gmt":"2018-06-07T15:18:43","slug":"impressum","status":"publish","type":"page","link":"http:\/\/anziehende-innung.de\/?page_id=41","title":{"rendered":"Impressum"},"content":{"rendered":"<h2><strong>Anziehende Innung Niederrhein<\/strong><\/h2>\n<p>in der\u00a0Kreishandwerkerschaft Niederrhein\u00a0 \u00a0Krefeld | Viersen | Neuss<br \/>\nK\u00f6rperschaft des \u00f6ffentlichen Rechts<br \/>\nWestwall 122<br \/>\n47798 Krefeld<\/p>\n<p>Telefon: 02151-97780<\/p>\n<p>info@anziehende-innung.de<\/p>\n<p>Verantwortlich f\u00fcr den Inhalt dieser Seite: Alexander Werner<\/p>\n","protected":false},"excerpt":{"rendered":"<p>Anziehende Innung Niederrhein in der\u00a0Kreishandwerkerschaft Niederrhein\u00a0 \u00a0Krefeld | Viersen | Neuss K\u00f6rperschaft des \u00f6ffentlichen Rechts Westwall 122 47798 Krefeld Telefon: 02151-97780 info@anziehende-innung.de Verantwortlich f\u00fcr den Inhalt dieser Seite: Alexander Werner<\/p>\n","protected":false},"author":1,"featured_media":0,"parent":0,"menu_order":0,"comment_status":"closed","ping_status":"closed","template":"","meta":[],"_links":{"self":[{"href":"http:\/\/anziehende-innung.de\/index.php?rest_route=\/wp\/v2\/pages\/41"}],"collection":[{"href":"http:\/\/anziehende-innung.de\/index.php?rest_route=\/wp\/v2\/pages"}],"about":[{"href":"http:\/\/anziehende-innung.de\/index.php?rest_route=\/wp\/v2\/types\/page"}],"author":[{"embeddable":true,"href":"http:\/\/anziehende-innung.de\/index.php?rest_route=\/wp\/v2\/users\/1"}],"replies":[{"embeddable":true,"href":"http:\/\/anziehende-innung.de\/index.php?rest_route=%2Fwp%2Fv2%2Fcomments&post=41"}],"version-history":[{"count":5,"href":"http:\/\/anziehende-innung.de\/index.php?rest_route=\/wp\/v2\/pages\/41\/revisions"}],"predecessor-version":[{"id":79,"href":"http:\/\/anziehende-innung.de\/index.php?rest_route=\/wp\/v2\/pages\/41\/revisions\/79"}],"wp:attachment":[{"href":"http:\/\/anziehende-innung.de\/index.php?rest_route=%2Fwp%2Fv2%2Fmedia&parent=41"}],"curies":[{"name":"wp","href":"https:\/\/api.w.org\/{rel}","templated":true}]}}